{"id":712,"date":"2024-09-18T17:59:57","date_gmt":"2024-09-18T17:59:57","guid":{"rendered":"https:\/\/hotelcasasanagustin.com\/es\/?page_id=712"},"modified":"2025-01-21T14:44:33","modified_gmt":"2025-01-21T14:44:33","slug":"experiences","status":"publish","type":"page","link":"https:\/\/hotelcasasanagustin.com\/es\/experiences\/","title":{"rendered":"experiences"},"content":{"rendered":"\n<section class=\"wp-block-casa-san-agustin-bp-spacer bp-spacer\" style=\"--_spacer-desktop-top:0;--_spacer-desktop-bot:120;--_spacer-mobile-top:0;--_spacer-mobile-bot:60\" id=\"bp-spacer\"><\/section>\n\n\n\n<section class=\"wp-block-casa-san-agustin-bp-container container header-with-icon-and-video\" id=\"\" data-name=\"\" style=\"background-color:;color:\">\n<section class=\"wp-block-casa-san-agustin-bp-row row center middle mobile-center mobile-middle is-style-fixed header\" style=\"--row-desktop-gap:0rem;--row-mobile-gap:0rem\">\n<div class=\"wp-block-columns is-layout-flex wp-container-core-columns-is-layout-9d6595d7 wp-block-columns-is-layout-flex\">\n<div class=\"wp-block-column is-layout-flow wp-block-column-is-layout-flow\"><div class=\"wp-block-image\">\n<figure class=\"aligncenter size-full is-resized\"><img loading=\"lazy\" decoding=\"async\" width=\"904\" height=\"810\" src=\"https:\/\/hotelcasasanagustin.com\/es\/wp-content\/uploads\/sites\/2\/2024\/09\/CSA_ilus-16.png\" alt=\"\" class=\"wp-image-630\" style=\"width:auto;height:128px\" srcset=\"https:\/\/hotelcasasanagustin.com\/es\/wp-content\/uploads\/sites\/2\/2024\/09\/CSA_ilus-16.png 904w, https:\/\/hotelcasasanagustin.com\/es\/wp-content\/uploads\/sites\/2\/2024\/09\/CSA_ilus-16-300x269.png 300w, https:\/\/hotelcasasanagustin.com\/es\/wp-content\/uploads\/sites\/2\/2024\/09\/CSA_ilus-16-768x688.png 768w, https:\/\/hotelcasasanagustin.com\/es\/wp-content\/uploads\/sites\/2\/2024\/09\/CSA_ilus-16-600x538.png 600w\" sizes=\"auto, (max-width: 904px) 100vw, 904px\" \/><\/figure><\/div>\n\n\n<p class=\"has-text-align-center is-style-font-sf has-label-font-size\">Disfruta Cartagena<\/p>\n\n\n\n<h1 class=\"wp-block-heading has-text-align-center is-style-font-scotch has-s-font-size\">Nuestra oferta de servicios y comodidades contribuye completamente a que la experiencia de nuestros hu\u00e9spedes durante su estancia en Casa San Agust\u00edn sea memorable. Desde el momento en que llegan, se sienten como en casa y disfrutan de una experiencia de lujo.<\/h1>\n<\/div>\n<\/div>\n<\/section>\n<\/section>\n\n\n\n<section class=\"wp-block-casa-san-agustin-bp-spacer bp-spacer\" style=\"--_spacer-desktop-top:0;--_spacer-desktop-bot:120;--_spacer-mobile-top:0;--_spacer-mobile-bot:20\" id=\"bp-spacer\"><\/section>\n\n\n\n<section class=\"wp-block-casa-san-agustin-bp-container container side-by-side-image-and-content\" id=\"\" data-name=\"\" style=\"background-color:;color:\">\n<section class=\"wp-block-casa-san-agustin-bp-row row center middle mobile-center mobile-middle is-style-fixed\" style=\"--row-desktop-gap:0rem;--row-mobile-gap:0rem\">\n<div class=\"wp-block-columns is-layout-flex wp-container-core-columns-is-layout-9d6595d7 wp-block-columns-is-layout-flex\">\n<div class=\"wp-block-column media is-layout-flow wp-block-column-is-layout-flow\">\n<div class=\"wp-block-casa-san-agustin-bp-multimedia bp-multimedia\"><picture class=\"img-box img-wrapper\"><source media=\"(min-width : 961px) \" srcset=\"https:\/\/hotelcasasanagustin.com\/es\/wp-content\/uploads\/sites\/2\/2024\/09\/T3P_7229-150x150.jpg 150w, https:\/\/hotelcasasanagustin.com\/es\/wp-content\/uploads\/sites\/2\/2024\/09\/T3P_7229-269x300.jpg 269w, https:\/\/hotelcasasanagustin.com\/es\/wp-content\/uploads\/sites\/2\/2024\/09\/T3P_7229.jpg 710w, \"\/><source media=\"(min-width : 0px) and (max-width : 961px) \" srcset=\"https:\/\/hotelcasasanagustin.com\/es\/wp-content\/uploads\/sites\/2\/2024\/09\/T3P_7229_mobile-150x150.jpg 150w, https:\/\/hotelcasasanagustin.com\/es\/wp-content\/uploads\/sites\/2\/2024\/09\/T3P_7229_mobile-172x300.jpg 172w, https:\/\/hotelcasasanagustin.com\/es\/wp-content\/uploads\/sites\/2\/2024\/09\/T3P_7229_mobile.jpg 375w, \"\/><img src=\"https:\/\/hotelcasasanagustin.com\/es\/wp-content\/uploads\/sites\/2\/2024\/09\/T3P_7229_mobile.jpg\" alt=\"\" loading=\"lazy\" width=\"710\" height=\"791\" decoding=\"async\" fetchpriority=\"low\"\/><\/picture><\/div>\n<\/div>\n\n\n\n<div class=\"wp-block-column text-box is-layout-flow wp-block-column-is-layout-flow\">\n<div class=\"wp-block-group icon-group\"><div class=\"wp-block-group__inner-container is-layout-constrained wp-block-group-is-layout-constrained\">\n<figure class=\"wp-block-image size-full is-resized\"><img loading=\"lazy\" decoding=\"async\" width=\"606\" height=\"810\" src=\"https:\/\/hotelcasasanagustin.com\/es\/wp-content\/uploads\/sites\/2\/2024\/09\/CSA_ilus-15.png\" alt=\"\" class=\"wp-image-629\" style=\"width:auto;height:128px\" srcset=\"https:\/\/hotelcasasanagustin.com\/es\/wp-content\/uploads\/sites\/2\/2024\/09\/CSA_ilus-15.png 606w, https:\/\/hotelcasasanagustin.com\/es\/wp-content\/uploads\/sites\/2\/2024\/09\/CSA_ilus-15-224x300.png 224w, https:\/\/hotelcasasanagustin.com\/es\/wp-content\/uploads\/sites\/2\/2024\/09\/CSA_ilus-15-449x600.png 449w\" sizes=\"auto, (max-width: 606px) 100vw, 606px\" \/><\/figure>\n\n\n\n<p class=\"has-label-font-size\">Lujo aut\u00e9ntico<\/p>\n<\/div><\/div>\n\n\n\n<h2 class=\"wp-block-heading is-style-font-scotch has-xl-font-size\">Aurum Spa<\/h2>\n\n\n\n<p class=\"has-m-font-size\">Un espacio dise\u00f1ado para nutrir tu cuerpo, mente y esp\u00edritu<\/p>\n\n\n\n<div class=\"wp-block-buttons is-layout-flex wp-block-buttons-is-layout-flex\">\n<div class=\"wp-block-button is-style-textlink\"><a class=\"wp-block-button__link wp-element-button\" href=\"https:\/\/hotelcasasanagustin.com\/es\/aurum-spa\/\">VER M\u00c1S<\/a><\/div>\n<\/div>\n<\/div>\n<\/div>\n<\/section>\n<\/section>\n\n\n\n<section class=\"wp-block-casa-san-agustin-bp-spacer bp-spacer\" style=\"--_spacer-desktop-top:0;--_spacer-desktop-bot:40;--_spacer-mobile-top:0;--_spacer-mobile-bot:20\" id=\"bp-spacer\"><\/section>\n\n\n\n<section class=\"wp-block-casa-san-agustin-bp-container container side-by-side-image-and-content reversed\" id=\"\" data-name=\"\" style=\"background-color:;color:\">\n<section class=\"wp-block-casa-san-agustin-bp-row row center middle mobile-center mobile-middle is-style-fixed\" style=\"--row-desktop-gap:0rem;--row-mobile-gap:0rem\">\n<div class=\"wp-block-columns is-layout-flex wp-container-core-columns-is-layout-9d6595d7 wp-block-columns-is-layout-flex\">\n<div class=\"wp-block-column media is-layout-flow wp-block-column-is-layout-flow\">\n<div class=\"wp-block-casa-san-agustin-bp-multimedia bp-multimedia\"><div class=\"video-box img-wrapper \"><video loop autoplay muted preload=\"true\" playsinline data-fit=\"width\" src=\"https:\/\/player.vimeo.com\/progressive_redirect\/playback\/1008265465\/rendition\/1080p\/file.mp4?loc=external&amp;signature=f5092f8ac0fb6797fe4a8ed467cf3241be4ff91eb802092c0445c73ec4067716\"><source src=\"https:\/\/player.vimeo.com\/progressive_redirect\/playback\/1008265465\/rendition\/1080p\/file.mp4?loc=external&amp;signature=f5092f8ac0fb6797fe4a8ed467cf3241be4ff91eb802092c0445c73ec4067716\" media=\"(min-width : 961px)\" type=\"video\/mp4\"\/><\/video><\/div><\/div>\n<\/div>\n\n\n\n<div class=\"wp-block-column text-box is-layout-flow wp-block-column-is-layout-flow\">\n<h2 class=\"wp-block-heading is-style-font-scotch has-xl-font-size\">Acas\u00ed Beach<\/h2>\n\n\n\n<p class=\"has-m-font-size\">Una playa privada en la isla de Bar\u00fa, uno de los lugares ic\u00f3nicos en la costa caribe\u00f1a, con playas de arena blanca y aguas turquesas.<\/p>\n\n\n\n<div class=\"wp-block-buttons is-layout-flex wp-block-buttons-is-layout-flex\">\n<div class=\"wp-block-button is-style-textlink\"><a class=\"wp-block-button__link wp-element-button\" href=\"https:\/\/hotelcasasanagustin.com\/es\/acasi-beach\/\">VER M\u00c1S<\/a><\/div>\n<\/div>\n<\/div>\n<\/div>\n<\/section>\n<\/section>\n\n\n\n<section class=\"wp-block-casa-san-agustin-bp-spacer bp-spacer\" style=\"--_spacer-desktop-top:0;--_spacer-desktop-bot:40;--_spacer-mobile-top:0;--_spacer-mobile-bot:20\" id=\"bp-spacer\"><\/section>\n\n\n\n<section class=\"wp-block-casa-san-agustin-bp-container container side-by-side-image-and-content\" id=\"\" data-name=\"\" style=\"background-color:;color:\">\n<section class=\"wp-block-casa-san-agustin-bp-row row center middle mobile-center mobile-middle is-style-fixed\" style=\"--row-desktop-gap:0rem;--row-mobile-gap:0rem\">\n<div class=\"wp-block-columns is-layout-flex wp-container-core-columns-is-layout-9d6595d7 wp-block-columns-is-layout-flex\">\n<div class=\"wp-block-column media is-layout-flow wp-block-column-is-layout-flow\">\n<div class=\"wp-block-casa-san-agustin-bp-multimedia bp-multimedia\"><picture class=\"img-box img-wrapper \"><source src=\"https:\/\/hotelcasasanagustin.com\/es\/wp-content\/uploads\/sites\/2\/2024\/09\/things-to-do.jpg\" srcset=\"https:\/\/hotelcasasanagustin.com\/es\/wp-content\/uploads\/sites\/2\/2024\/09\/things-to-do-150x150.jpg 150w, https:\/\/hotelcasasanagustin.com\/es\/wp-content\/uploads\/sites\/2\/2024\/09\/things-to-do-270x300.jpg 270w, https:\/\/hotelcasasanagustin.com\/es\/wp-content\/uploads\/sites\/2\/2024\/09\/things-to-do.jpg 710w, \"\/><img src=\"https:\/\/hotelcasasanagustin.com\/es\/wp-content\/uploads\/sites\/2\/2024\/09\/things-to-do.jpg\" alt=\"\" loading=\"lazy\" width=\"710\" height=\"790\" decoding=\"async\" fetchpriority=\"low\"\/><\/picture><\/div>\n<\/div>\n\n\n\n<div class=\"wp-block-column text-box is-layout-flow wp-block-column-is-layout-flow\">\n<h2 class=\"wp-block-heading is-style-font-scotch has-xl-font-size\">\u00bfQu\u00e9 hacer en Cartagena?<\/h2>\n\n\n\n<p class=\"has-m-font-size\">Salga del hotel para sumergirse en la cultura.<br>Cartagena guiada con ayuda de nuestros conserjes.<\/p>\n\n\n\n<div class=\"wp-block-buttons is-layout-flex wp-block-buttons-is-layout-flex\">\n<div class=\"wp-block-button is-style-textlink\"><a class=\"wp-block-button__link wp-element-button\" href=\"https:\/\/hotelcasasanagustin.com\/es\/things-to-do-in-cartagena\/\">VER M\u00c1S<\/a><\/div>\n<\/div>\n<\/div>\n<\/div>\n<\/section>\n<\/section>\n\n\n\n<section class=\"wp-block-casa-san-agustin-bp-spacer bp-spacer\" style=\"--_spacer-desktop-top:0;--_spacer-desktop-bot:40;--_spacer-mobile-top:0;--_spacer-mobile-bot:20\" id=\"bp-spacer\"><\/section>\n\n\n\n<section class=\"wp-block-casa-san-agustin-bp-container container side-by-side-image-and-content reversed\" id=\"\" data-name=\"\" style=\"background-color:;color:\">\n<section class=\"wp-block-casa-san-agustin-bp-row row center middle mobile-center mobile-middle is-style-fixed\" style=\"--row-desktop-gap:0rem;--row-mobile-gap:0rem\">\n<div class=\"wp-block-columns is-layout-flex wp-container-core-columns-is-layout-9d6595d7 wp-block-columns-is-layout-flex\">\n<div class=\"wp-block-column media is-layout-flow wp-block-column-is-layout-flow\">\n<div class=\"wp-block-casa-san-agustin-bp-multimedia bp-multimedia\"><picture class=\"img-box img-wrapper \"><source src=\"https:\/\/hotelcasasanagustin.com\/es\/wp-content\/uploads\/sites\/2\/2024\/09\/experiences-library.jpg\" srcset=\"https:\/\/hotelcasasanagustin.com\/es\/wp-content\/uploads\/sites\/2\/2024\/09\/experiences-library-150x150.jpg 150w, https:\/\/hotelcasasanagustin.com\/es\/wp-content\/uploads\/sites\/2\/2024\/09\/experiences-library-270x300.jpg 270w, https:\/\/hotelcasasanagustin.com\/es\/wp-content\/uploads\/sites\/2\/2024\/09\/experiences-library.jpg 710w, \"\/><img src=\"https:\/\/hotelcasasanagustin.com\/es\/wp-content\/uploads\/sites\/2\/2024\/09\/experiences-library.jpg\" alt=\"\" loading=\"lazy\" width=\"710\" height=\"790\" decoding=\"async\" fetchpriority=\"low\"\/><\/picture><\/div>\n<\/div>\n\n\n\n<div class=\"wp-block-column text-box is-layout-flow wp-block-column-is-layout-flow\">\n<div class=\"wp-block-group icon-group\"><div class=\"wp-block-group__inner-container is-layout-constrained wp-block-group-is-layout-constrained\">\n<figure class=\"wp-block-image size-full is-resized\"><img loading=\"lazy\" decoding=\"async\" width=\"952\" height=\"1237\" src=\"https:\/\/hotelcasasanagustin.com\/es\/wp-content\/uploads\/sites\/2\/2024\/09\/CSA_ilus-05.png\" alt=\"\" class=\"wp-image-619\" style=\"width:auto;height:128px\" srcset=\"https:\/\/hotelcasasanagustin.com\/es\/wp-content\/uploads\/sites\/2\/2024\/09\/CSA_ilus-05.png 952w, https:\/\/hotelcasasanagustin.com\/es\/wp-content\/uploads\/sites\/2\/2024\/09\/CSA_ilus-05-231x300.png 231w, https:\/\/hotelcasasanagustin.com\/es\/wp-content\/uploads\/sites\/2\/2024\/09\/CSA_ilus-05-788x1024.png 788w, https:\/\/hotelcasasanagustin.com\/es\/wp-content\/uploads\/sites\/2\/2024\/09\/CSA_ilus-05-768x998.png 768w, https:\/\/hotelcasasanagustin.com\/es\/wp-content\/uploads\/sites\/2\/2024\/09\/CSA_ilus-05-462x600.png 462w\" sizes=\"auto, (max-width: 952px) 100vw, 952px\" \/><\/figure>\n\n\n\n<p class=\"has-label-font-size\"><\/p>\n<\/div><\/div>\n\n\n\n<h2 class=\"wp-block-heading is-style-font-scotch has-xl-font-size\">Tarde t\u00e9 y Biblioteca<\/h2>\n\n\n\n<p class=\"has-m-font-size\">Acompa\u00f1anos todas las tardes a las 5 pm<\/p>\n<\/div>\n<\/div>\n<\/section>\n<\/section>\n\n\n\n<section class=\"wp-block-casa-san-agustin-bp-spacer bp-spacer\" style=\"--_spacer-desktop-top:0;--_spacer-desktop-bot:40;--_spacer-mobile-top:0;--_spacer-mobile-bot:20\" id=\"bp-spacer\"><\/section>\n\n\n\n<section class=\"wp-block-casa-san-agustin-bp-spacer bp-spacer\" style=\"--_spacer-desktop-top:0;--_spacer-desktop-bot:40;--_spacer-mobile-top:0;--_spacer-mobile-bot:20\" id=\"bp-spacer\"><\/section>\n\n\n\n<section class=\"wp-block-casa-san-agustin-bp-spacer bp-spacer\" style=\"--_spacer-desktop-top:0;--_spacer-desktop-bot:40;--_spacer-mobile-top:0;--_spacer-mobile-bot:20\" id=\"bp-spacer\"><\/section>\n\n\n\n<section class=\"wp-block-casa-san-agustin-bp-container container validators-accolades\" id=\"\" data-name=\"\" style=\"background-color:;color:\">\n<section class=\"wp-block-casa-san-agustin-bp-row row center middle mobile-center mobile-middle is-style-fixed\" style=\"--row-desktop-gap:0rem;--row-mobile-gap:0rem\">\n<div class=\"wp-block-columns is-layout-flex wp-container-core-columns-is-layout-9d6595d7 wp-block-columns-is-layout-flex\">\n<div class=\"wp-block-column is-layout-flow wp-block-column-is-layout-flow\">\n<h2 class=\"wp-block-heading is-style-font-scotch has-l-font-size\"><\/h2>\n\n\n\n<figure class=\"wp-block-gallery has-nested-images columns-4 is-cropped gallery wp-block-gallery-1 is-layout-flex wp-block-gallery-is-layout-flex\">\n<figure class=\"wp-block-image size-full\"><a href=\"https:\/\/www.lhw.com\/hotel\/Hotel-Casa-San-Agustin-Cartagena-Colombia\" target=\"_blank\" rel=\"noreferrer noopener\"><img loading=\"lazy\" decoding=\"async\" width=\"220\" height=\"128\" data-id=\"1220\" src=\"https:\/\/hotelcasasanagustin.com\/es\/wp-content\/uploads\/sites\/2\/2024\/09\/logo-leading.png\" alt=\"\" class=\"wp-image-1220\"\/><\/a><\/figure>\n\n\n\n<figure class=\"wp-block-image size-full\"><a href=\"https:\/\/www.americanexpress.com\/en-us\/travel\/discover\/property\/Colombia\/Cartagena\/Casa-San-Agustin\" target=\"_blank\" rel=\"noreferrer noopener\"><img loading=\"lazy\" decoding=\"async\" width=\"220\" height=\"40\" data-id=\"1216\" src=\"https:\/\/hotelcasasanagustin.com\/es\/wp-content\/uploads\/sites\/2\/2024\/09\/american-express-hotels-and-resorts-1.png\" alt=\"\" class=\"wp-image-1216\"\/><\/a><\/figure>\n\n\n\n<figure class=\"wp-block-image size-full\"><a href=\"https:\/\/www.virtuoso.com\/hotels\/15226080\/casa-san-agustin\" target=\"_blank\" rel=\"noreferrer noopener\"><img loading=\"lazy\" decoding=\"async\" width=\"220\" height=\"130\" data-id=\"1219\" src=\"https:\/\/hotelcasasanagustin.com\/es\/wp-content\/uploads\/sites\/2\/2024\/09\/virtuoso-logo-1.png\" alt=\"\" class=\"wp-image-1219\"\/><\/a><\/figure>\n\n\n\n<figure class=\"wp-block-image size-full is-style-default\"><img decoding=\"async\" data-id=\"1854\" src=\"https:\/\/hotelcasasanagustin.com\/es\/wp-content\/uploads\/sites\/2\/2024\/09\/Serandipians-Logo-e1745967643842.png\" alt=\"\" class=\"wp-image-1854\"\/><\/figure>\n\n\n\n<figure class=\"wp-block-image size-full\"><a href=\"https:\/\/hotelsandresorts.mytravelsite.com\/hotel-detail\/?hotel_id=12998&amp;hotel_name=HOTEL-CASA-SAN-AGUSTIN-Cartagena-Colombia&amp;agency=1133\" target=\"_blank\" rel=\"noreferrer noopener\"><img loading=\"lazy\" decoding=\"async\" width=\"186\" height=\"117\" data-id=\"1608\" src=\"https:\/\/hotelcasasanagustin.com\/es\/wp-content\/uploads\/sites\/2\/2024\/09\/Sig_-black_small-1.png\" alt=\"\" class=\"wp-image-1608\"\/><\/a><\/figure>\n<\/figure>\n<\/div>\n<\/div>\n<\/section>\n<\/section>\n","protected":false},"excerpt":{"rendered":"","protected":false},"author":1,"featured_media":1640,"parent":0,"menu_order":0,"comment_status":"closed","ping_status":"closed","template":"","meta":{"_acf_changed":false,"footnotes":""},"class_list":["post-712","page","type-page","status-publish","has-post-thumbnail","hentry"],"acf":[],"yoast_head":"<!-- This site is optimized with the Yoast SEO plugin v26.3 - https:\/\/yoast.com\/wordpress\/plugins\/seo\/ -->\n<title>Servicios y Amenidades de Lujo en Cartagena | Hotel Casa San Agust\u00edn<\/title>\n<meta name=\"description\" content=\"Nuestras Amenidades y Servicios contribuyen a la experiencia de nuestros hu\u00e9spedes mientras se alojan en Hotel Casa San Agust\u00edn en Cartagena.\" \/>\n<meta name=\"robots\" content=\"index, follow, max-snippet:-1, max-image-preview:large, max-video-preview:-1\" \/>\n<link rel=\"canonical\" href=\"https:\/\/hotelcasasanagustin.com\/es\/experiences\/\" \/>\n<meta property=\"og:locale\" content=\"es_ES\" \/>\n<meta property=\"og:type\" content=\"article\" \/>\n<meta property=\"og:title\" content=\"Servicios y Amenidades de Lujo en Cartagena | Hotel Casa San Agust\u00edn\" \/>\n<meta property=\"og:description\" content=\"Nuestras Amenidades y Servicios contribuyen a la experiencia de nuestros hu\u00e9spedes mientras se alojan en Hotel Casa San Agust\u00edn en Cartagena.\" \/>\n<meta property=\"og:url\" content=\"https:\/\/hotelcasasanagustin.com\/es\/experiences\/\" \/>\n<meta property=\"og:site_name\" content=\"Casa San Agustin ES\" \/>\n<meta property=\"article:modified_time\" content=\"2025-01-21T14:44:33+00:00\" \/>\n<meta property=\"og:image\" content=\"https:\/\/hotelcasasanagustin.com\/es\/wp-content\/uploads\/sites\/2\/2024\/12\/CSA-WPP-scaled.jpg\" \/>\n\t<meta property=\"og:image:width\" content=\"2560\" \/>\n\t<meta property=\"og:image:height\" content=\"1331\" \/>\n\t<meta property=\"og:image:type\" content=\"image\/jpeg\" \/>\n<meta name=\"twitter:card\" content=\"summary_large_image\" \/>\n<meta name=\"twitter:label1\" content=\"Tiempo de lectura\" \/>\n\t<meta name=\"twitter:data1\" content=\"3 minutos\" \/>\n<script type=\"application\/ld+json\" class=\"yoast-schema-graph\">{\"@context\":\"https:\/\/schema.org\",\"@graph\":[{\"@type\":\"WebPage\",\"@id\":\"https:\/\/hotelcasasanagustin.com\/es\/experiences\/\",\"url\":\"https:\/\/hotelcasasanagustin.com\/es\/experiences\/\",\"name\":\"Servicios y Amenidades de Lujo en Cartagena | Hotel Casa San Agust\u00edn\",\"isPartOf\":{\"@id\":\"https:\/\/hotelcasasanagustin.com\/es\/#website\"},\"primaryImageOfPage\":{\"@id\":\"https:\/\/hotelcasasanagustin.com\/es\/experiences\/#primaryimage\"},\"image\":{\"@id\":\"https:\/\/hotelcasasanagustin.com\/es\/experiences\/#primaryimage\"},\"thumbnailUrl\":\"https:\/\/hotelcasasanagustin.com\/es\/wp-content\/uploads\/sites\/2\/2024\/12\/CSA-WPP-scaled.jpg\",\"datePublished\":\"2024-09-18T17:59:57+00:00\",\"dateModified\":\"2025-01-21T14:44:33+00:00\",\"description\":\"Nuestras Amenidades y Servicios contribuyen a la experiencia de nuestros hu\u00e9spedes mientras se alojan en Hotel Casa San Agust\u00edn en Cartagena.\",\"breadcrumb\":{\"@id\":\"https:\/\/hotelcasasanagustin.com\/es\/experiences\/#breadcrumb\"},\"inLanguage\":\"es\",\"potentialAction\":[{\"@type\":\"ReadAction\",\"target\":[\"https:\/\/hotelcasasanagustin.com\/es\/experiences\/\"]}]},{\"@type\":\"ImageObject\",\"inLanguage\":\"es\",\"@id\":\"https:\/\/hotelcasasanagustin.com\/es\/experiences\/#primaryimage\",\"url\":\"https:\/\/hotelcasasanagustin.com\/es\/wp-content\/uploads\/sites\/2\/2024\/12\/CSA-WPP-scaled.jpg\",\"contentUrl\":\"https:\/\/hotelcasasanagustin.com\/es\/wp-content\/uploads\/sites\/2\/2024\/12\/CSA-WPP-scaled.jpg\",\"width\":2560,\"height\":1331},{\"@type\":\"BreadcrumbList\",\"@id\":\"https:\/\/hotelcasasanagustin.com\/es\/experiences\/#breadcrumb\",\"itemListElement\":[{\"@type\":\"ListItem\",\"position\":1,\"name\":\"Home\",\"item\":\"https:\/\/hotelcasasanagustin.com\/es\/\"},{\"@type\":\"ListItem\",\"position\":2,\"name\":\"experiences\"}]},{\"@type\":\"WebSite\",\"@id\":\"https:\/\/hotelcasasanagustin.com\/es\/#website\",\"url\":\"https:\/\/hotelcasasanagustin.com\/es\/\",\"name\":\"Casa San Agustin ES\",\"description\":\"\",\"potentialAction\":[{\"@type\":\"SearchAction\",\"target\":{\"@type\":\"EntryPoint\",\"urlTemplate\":\"https:\/\/hotelcasasanagustin.com\/es\/?s={search_term_string}\"},\"query-input\":{\"@type\":\"PropertyValueSpecification\",\"valueRequired\":true,\"valueName\":\"search_term_string\"}}],\"inLanguage\":\"es\"}]}<\/script>\n<!-- \/ Yoast SEO plugin. -->","yoast_head_json":{"title":"Servicios y Amenidades de Lujo en Cartagena | Hotel Casa San Agust\u00edn","description":"Nuestras Amenidades y Servicios contribuyen a la experiencia de nuestros hu\u00e9spedes mientras se alojan en Hotel Casa San Agust\u00edn en Cartagena.","robots":{"index":"index","follow":"follow","max-snippet":"max-snippet:-1","max-image-preview":"max-image-preview:large","max-video-preview":"max-video-preview:-1"},"canonical":"https:\/\/hotelcasasanagustin.com\/es\/experiences\/","og_locale":"es_ES","og_type":"article","og_title":"Servicios y Amenidades de Lujo en Cartagena | Hotel Casa San Agust\u00edn","og_description":"Nuestras Amenidades y Servicios contribuyen a la experiencia de nuestros hu\u00e9spedes mientras se alojan en Hotel Casa San Agust\u00edn en Cartagena.","og_url":"https:\/\/hotelcasasanagustin.com\/es\/experiences\/","og_site_name":"Casa San Agustin ES","article_modified_time":"2025-01-21T14:44:33+00:00","og_image":[{"width":2560,"height":1331,"url":"https:\/\/hotelcasasanagustin.com\/es\/wp-content\/uploads\/sites\/2\/2024\/12\/CSA-WPP-scaled.jpg","type":"image\/jpeg"}],"twitter_card":"summary_large_image","twitter_misc":{"Tiempo de lectura":"3 minutos"},"schema":{"@context":"https:\/\/schema.org","@graph":[{"@type":"WebPage","@id":"https:\/\/hotelcasasanagustin.com\/es\/experiences\/","url":"https:\/\/hotelcasasanagustin.com\/es\/experiences\/","name":"Servicios y Amenidades de Lujo en Cartagena | Hotel Casa San Agust\u00edn","isPartOf":{"@id":"https:\/\/hotelcasasanagustin.com\/es\/#website"},"primaryImageOfPage":{"@id":"https:\/\/hotelcasasanagustin.com\/es\/experiences\/#primaryimage"},"image":{"@id":"https:\/\/hotelcasasanagustin.com\/es\/experiences\/#primaryimage"},"thumbnailUrl":"https:\/\/hotelcasasanagustin.com\/es\/wp-content\/uploads\/sites\/2\/2024\/12\/CSA-WPP-scaled.jpg","datePublished":"2024-09-18T17:59:57+00:00","dateModified":"2025-01-21T14:44:33+00:00","description":"Nuestras Amenidades y Servicios contribuyen a la experiencia de nuestros hu\u00e9spedes mientras se alojan en Hotel Casa San Agust\u00edn en Cartagena.","breadcrumb":{"@id":"https:\/\/hotelcasasanagustin.com\/es\/experiences\/#breadcrumb"},"inLanguage":"es","potentialAction":[{"@type":"ReadAction","target":["https:\/\/hotelcasasanagustin.com\/es\/experiences\/"]}]},{"@type":"ImageObject","inLanguage":"es","@id":"https:\/\/hotelcasasanagustin.com\/es\/experiences\/#primaryimage","url":"https:\/\/hotelcasasanagustin.com\/es\/wp-content\/uploads\/sites\/2\/2024\/12\/CSA-WPP-scaled.jpg","contentUrl":"https:\/\/hotelcasasanagustin.com\/es\/wp-content\/uploads\/sites\/2\/2024\/12\/CSA-WPP-scaled.jpg","width":2560,"height":1331},{"@type":"BreadcrumbList","@id":"https:\/\/hotelcasasanagustin.com\/es\/experiences\/#breadcrumb","itemListElement":[{"@type":"ListItem","position":1,"name":"Home","item":"https:\/\/hotelcasasanagustin.com\/es\/"},{"@type":"ListItem","position":2,"name":"experiences"}]},{"@type":"WebSite","@id":"https:\/\/hotelcasasanagustin.com\/es\/#website","url":"https:\/\/hotelcasasanagustin.com\/es\/","name":"Casa San Agustin ES","description":"","potentialAction":[{"@type":"SearchAction","target":{"@type":"EntryPoint","urlTemplate":"https:\/\/hotelcasasanagustin.com\/es\/?s={search_term_string}"},"query-input":{"@type":"PropertyValueSpecification","valueRequired":true,"valueName":"search_term_string"}}],"inLanguage":"es"}]}},"_links":{"self":[{"href":"https:\/\/hotelcasasanagustin.com\/es\/wp-json\/wp\/v2\/pages\/712","targetHints":{"allow":["GET"]}}],"collection":[{"href":"https:\/\/hotelcasasanagustin.com\/es\/wp-json\/wp\/v2\/pages"}],"about":[{"href":"https:\/\/hotelcasasanagustin.com\/es\/wp-json\/wp\/v2\/types\/page"}],"author":[{"embeddable":true,"href":"https:\/\/hotelcasasanagustin.com\/es\/wp-json\/wp\/v2\/users\/1"}],"replies":[{"embeddable":true,"href":"https:\/\/hotelcasasanagustin.com\/es\/wp-json\/wp\/v2\/comments?post=712"}],"version-history":[{"count":18,"href":"https:\/\/hotelcasasanagustin.com\/es\/wp-json\/wp\/v2\/pages\/712\/revisions"}],"predecessor-version":[{"id":1797,"href":"https:\/\/hotelcasasanagustin.com\/es\/wp-json\/wp\/v2\/pages\/712\/revisions\/1797"}],"wp:featuredmedia":[{"embeddable":true,"href":"https:\/\/hotelcasasanagustin.com\/es\/wp-json\/wp\/v2\/media\/1640"}],"wp:attachment":[{"href":"https:\/\/hotelcasasanagustin.com\/es\/wp-json\/wp\/v2\/media?parent=712"}],"curies":[{"name":"wp","href":"https:\/\/api.w.org\/{rel}","templated":true}]}}