{"id":663,"date":"2024-09-17T19:16:41","date_gmt":"2024-09-17T19:16:41","guid":{"rendered":"https:\/\/hotelcasasanagustin.com\/es\/?page_id=663"},"modified":"2025-01-21T14:23:58","modified_gmt":"2025-01-21T14:23:58","slug":"suites-and-rooms","status":"publish","type":"page","link":"https:\/\/hotelcasasanagustin.com\/es\/suites-and-rooms\/","title":{"rendered":"suites and rooms"},"content":{"rendered":"\n<section class=\"wp-block-casa-san-agustin-bp-spacer bp-spacer\" style=\"--_spacer-desktop-top:0;--_spacer-desktop-bot:80;--_spacer-mobile-top:0;--_spacer-mobile-bot:60\" id=\"bp-spacer\"><\/section>\n\n\n\n<section class=\"wp-block-casa-san-agustin-bp-container container header-with-icon-and-video\" id=\"\" data-name=\"\" style=\"background-color:;color:\">\n<section class=\"wp-block-casa-san-agustin-bp-row row center middle mobile-center mobile-middle is-style-fixed header\" style=\"--row-desktop-gap:0rem;--row-mobile-gap:0rem\">\n<div class=\"wp-block-columns is-layout-flex wp-container-core-columns-is-layout-9d6595d7 wp-block-columns-is-layout-flex\">\n<div class=\"wp-block-column is-vertically-aligned-center is-layout-flow wp-block-column-is-layout-flow\"><div class=\"wp-block-image\">\n<figure class=\"aligncenter size-full is-resized\"><img loading=\"lazy\" decoding=\"async\" width=\"784\" height=\"726\" src=\"https:\/\/hotelcasasanagustin.com\/es\/wp-content\/uploads\/sites\/2\/2024\/09\/CSA_ilus-17.png\" alt=\"\" class=\"wp-image-631\" style=\"width:auto;height:128px\" srcset=\"https:\/\/hotelcasasanagustin.com\/es\/wp-content\/uploads\/sites\/2\/2024\/09\/CSA_ilus-17.png 784w, https:\/\/hotelcasasanagustin.com\/es\/wp-content\/uploads\/sites\/2\/2024\/09\/CSA_ilus-17-300x278.png 300w, https:\/\/hotelcasasanagustin.com\/es\/wp-content\/uploads\/sites\/2\/2024\/09\/CSA_ilus-17-768x711.png 768w, https:\/\/hotelcasasanagustin.com\/es\/wp-content\/uploads\/sites\/2\/2024\/09\/CSA_ilus-17-600x556.png 600w\" sizes=\"auto, (max-width: 784px) 100vw, 784px\" \/><\/figure><\/div>\n\n\n<p class=\"has-text-align-center is-style-font-sf has-label-font-size\">HABITACIONES<\/p>\n<\/div>\n<\/div>\n<\/section>\n<\/section>\n\n\n\n<section class=\"wp-block-casa-san-agustin-bp-spacer bp-spacer\" style=\"--_spacer-desktop-top:0;--_spacer-desktop-bot:20;--_spacer-mobile-top:0;--_spacer-mobile-bot:0\" id=\"bp-spacer\"><\/section>\n\n\n\n<section class=\"wp-block-casa-san-agustin-bp-container container suites-and-rooms-hub\" id=\"\" data-name=\"\" style=\"background-color:;color:\">\n<section class=\"wp-block-casa-san-agustin-bp-row row center middle mobile-center mobile-middle is-style-full\" style=\"--row-desktop-gap:0rem;--row-mobile-gap:0rem\">\n<div class=\"wp-block-columns is-layout-flex wp-container-core-columns-is-layout-9d6595d7 wp-block-columns-is-layout-flex\">\n<div class=\"wp-block-column is-layout-flow wp-block-column-is-layout-flow\">\n\n    <section class=\"container cards-hub-slider suites-and-rooms-hub \">\n        <div class=\"row full-width\">\n            <article class=\"col-36-36 splide\">\n                <div class=\"splide__track\">\n                    <div class=\"splide__list\">\n                                                    <a href=\"https:\/\/hotelcasasanagustin.com\/es\/room\/deluxe-rooms\/\" class=\"splide__slide box\">\n                                <h2>Deluxe Rooms<\/h2>\n                                <figure class=\"img-box\">\n                                    <img loading=\"lazy\" decoding=\"async\" width=\"710\" height=\"790\" src=\"https:\/\/hotelcasasanagustin.com\/es\/wp-content\/uploads\/sites\/2\/2024\/09\/DELUXE-ROOMS-1-thumb.jpg\" class=\"attachment-full size-full wp-post-image\" alt=\"\" srcset=\"https:\/\/hotelcasasanagustin.com\/es\/wp-content\/uploads\/sites\/2\/2024\/09\/DELUXE-ROOMS-1-thumb.jpg 710w, https:\/\/hotelcasasanagustin.com\/es\/wp-content\/uploads\/sites\/2\/2024\/09\/DELUXE-ROOMS-1-thumb-270x300.jpg 270w, https:\/\/hotelcasasanagustin.com\/es\/wp-content\/uploads\/sites\/2\/2024\/09\/DELUXE-ROOMS-1-thumb-539x600.jpg 539w\" sizes=\"auto, (max-width: 710px) 100vw, 710px\" \/>                                    <figcaption>\n                                        <i class=\"icon-key\"><\/i>\n                                        <span>Ver m\u00e1s<\/span>\n                                    <\/figcaption>\n                                <\/figure>\n                                <div class=\"txt-box\">\n                                    <ul>\n                                                                                    <li>Ideal para parejas<\/li>\n                                                                                                                            <li>48-68 m\u00b2<\/li>\n                                                                                                                            <li>20 habs.<\/li>\n                                                                            <\/ul>\n                                                                            <h3>Acogedor | Decoraci\u00f3n colonial | Cada una elegante y \u00fanica<\/h3>\n                                                                    <\/div>\n                            <\/a>\n                                                    <a href=\"https:\/\/hotelcasasanagustin.com\/es\/room\/junior-suite\/\" class=\"splide__slide box\">\n                                <h2>Junior Suite<\/h2>\n                                <figure class=\"img-box\">\n                                    <img loading=\"lazy\" decoding=\"async\" width=\"710\" height=\"790\" src=\"https:\/\/hotelcasasanagustin.com\/es\/wp-content\/uploads\/sites\/2\/2024\/09\/JuniorSuite-Thumb-1.jpg\" class=\"attachment-full size-full wp-post-image\" alt=\"\" srcset=\"https:\/\/hotelcasasanagustin.com\/es\/wp-content\/uploads\/sites\/2\/2024\/09\/JuniorSuite-Thumb-1.jpg 710w, https:\/\/hotelcasasanagustin.com\/es\/wp-content\/uploads\/sites\/2\/2024\/09\/JuniorSuite-Thumb-1-270x300.jpg 270w, https:\/\/hotelcasasanagustin.com\/es\/wp-content\/uploads\/sites\/2\/2024\/09\/JuniorSuite-Thumb-1-539x600.jpg 539w\" sizes=\"auto, (max-width: 710px) 100vw, 710px\" \/>                                    <figcaption>\n                                        <i class=\"icon-key\"><\/i>\n                                        <span>Ver m\u00e1s<\/span>\n                                    <\/figcaption>\n                                <\/figure>\n                                <div class=\"txt-box\">\n                                    <ul>\n                                                                                    <li>Ideal amigos y familias<\/li>\n                                                                                                                            <li>70-90 m\u00b2<\/li>\n                                                                                                                            <li>5 suites<\/li>\n                                                                            <\/ul>\n                                                                            <h3>Espaciosa y luminosa | sof\u00e1 cama | sala de estar<\/h3>\n                                                                    <\/div>\n                            <\/a>\n                                                    <a href=\"https:\/\/hotelcasasanagustin.com\/es\/room\/premium-suite\/\" class=\"splide__slide box\">\n                                <h2>Premium Suite<\/h2>\n                                <figure class=\"img-box\">\n                                    <img loading=\"lazy\" decoding=\"async\" width=\"2400\" height=\"1600\" src=\"https:\/\/hotelcasasanagustin.com\/es\/wp-content\/uploads\/sites\/2\/2024\/09\/IMG_8693.jpg\" class=\"attachment-full size-full wp-post-image\" alt=\"\" srcset=\"https:\/\/hotelcasasanagustin.com\/es\/wp-content\/uploads\/sites\/2\/2024\/09\/IMG_8693.jpg 2400w, https:\/\/hotelcasasanagustin.com\/es\/wp-content\/uploads\/sites\/2\/2024\/09\/IMG_8693-300x200.jpg 300w, https:\/\/hotelcasasanagustin.com\/es\/wp-content\/uploads\/sites\/2\/2024\/09\/IMG_8693-1024x683.jpg 1024w, https:\/\/hotelcasasanagustin.com\/es\/wp-content\/uploads\/sites\/2\/2024\/09\/IMG_8693-768x512.jpg 768w, https:\/\/hotelcasasanagustin.com\/es\/wp-content\/uploads\/sites\/2\/2024\/09\/IMG_8693-1536x1024.jpg 1536w, https:\/\/hotelcasasanagustin.com\/es\/wp-content\/uploads\/sites\/2\/2024\/09\/IMG_8693-2048x1365.jpg 2048w, https:\/\/hotelcasasanagustin.com\/es\/wp-content\/uploads\/sites\/2\/2024\/09\/IMG_8693-600x400.jpg 600w, https:\/\/hotelcasasanagustin.com\/es\/wp-content\/uploads\/sites\/2\/2024\/09\/IMG_8693-1440x960.jpg 1440w\" sizes=\"auto, (max-width: 2400px) 100vw, 2400px\" \/>                                    <figcaption>\n                                        <i class=\"icon-key\"><\/i>\n                                        <span>Ver m\u00e1s<\/span>\n                                    <\/figcaption>\n                                <\/figure>\n                                <div class=\"txt-box\">\n                                    <ul>\n                                                                                    <li>Ideal para Luna de miel<\/li>\n                                                                                                                            <li>90 m\u00b2<\/li>\n                                                                                                                            <li>3 suites<\/li>\n                                                                            <\/ul>\n                                                                            <h3>Rom\u00e1ntica | terraza privada con jacuzzi | vista al jard\u00edn<\/h3>\n                                                                    <\/div>\n                            <\/a>\n                                                    <a href=\"https:\/\/hotelcasasanagustin.com\/es\/room\/prestige-suite\/\" class=\"splide__slide box\">\n                                <h2>Prestige Suite<\/h2>\n                                <figure class=\"img-box\">\n                                    <img loading=\"lazy\" decoding=\"async\" width=\"710\" height=\"790\" src=\"https:\/\/hotelcasasanagustin.com\/es\/wp-content\/uploads\/sites\/2\/2024\/09\/PRESTIGE-thumb.jpg\" class=\"attachment-full size-full wp-post-image\" alt=\"\" srcset=\"https:\/\/hotelcasasanagustin.com\/es\/wp-content\/uploads\/sites\/2\/2024\/09\/PRESTIGE-thumb.jpg 710w, https:\/\/hotelcasasanagustin.com\/es\/wp-content\/uploads\/sites\/2\/2024\/09\/PRESTIGE-thumb-270x300.jpg 270w, https:\/\/hotelcasasanagustin.com\/es\/wp-content\/uploads\/sites\/2\/2024\/09\/PRESTIGE-thumb-539x600.jpg 539w\" sizes=\"auto, (max-width: 710px) 100vw, 710px\" \/>                                    <figcaption>\n                                        <i class=\"icon-key\"><\/i>\n                                        <span>Ver m\u00e1s<\/span>\n                                    <\/figcaption>\n                                <\/figure>\n                                <div class=\"txt-box\">\n                                    <ul>\n                                                                                    <li>Ideal para amigos y familias<\/li>\n                                                                                                                            <li>161 m\u00b2<\/li>\n                                                                                                                            <li>2 suites<\/li>\n                                                                            <\/ul>\n                                                                            <h3>Duplex | Balc\u00f3n + vista calle | Sala<\/h3>\n                                                                    <\/div>\n                            <\/a>\n                                                    <a href=\"https:\/\/hotelcasasanagustin.com\/es\/room\/suite-del-virrey\/\" class=\"splide__slide box\">\n                                <h2>Suite Del Virrey<\/h2>\n                                <figure class=\"img-box\">\n                                    <img loading=\"lazy\" decoding=\"async\" width=\"710\" height=\"790\" src=\"https:\/\/hotelcasasanagustin.com\/es\/wp-content\/uploads\/sites\/2\/2024\/09\/SUITE-DEL-VIRREY-thumb.jpg\" class=\"attachment-full size-full wp-post-image\" alt=\"\" srcset=\"https:\/\/hotelcasasanagustin.com\/es\/wp-content\/uploads\/sites\/2\/2024\/09\/SUITE-DEL-VIRREY-thumb.jpg 710w, https:\/\/hotelcasasanagustin.com\/es\/wp-content\/uploads\/sites\/2\/2024\/09\/SUITE-DEL-VIRREY-thumb-270x300.jpg 270w, https:\/\/hotelcasasanagustin.com\/es\/wp-content\/uploads\/sites\/2\/2024\/09\/SUITE-DEL-VIRREY-thumb-539x600.jpg 539w\" sizes=\"auto, (max-width: 710px) 100vw, 710px\" \/>                                    <figcaption>\n                                        <i class=\"icon-key\"><\/i>\n                                        <span>Ver m\u00e1s<\/span>\n                                    <\/figcaption>\n                                <\/figure>\n                                <div class=\"txt-box\">\n                                    <ul>\n                                                                                    <li>Ocasiones especiales<\/li>\n                                                                                                                            <li>170 m\u00b2<\/li>\n                                                                                                                            <li>1 suite<\/li>\n                                                                            <\/ul>\n                                                                            <h3>\u00danica de su tipo | D\u00faplex | 2 terrazas privadas + jacuzzi<\/h3>\n                                                                    <\/div>\n                            <\/a>\n                                            <\/div>\n                <\/div>\n            <\/article>\n        <\/div>\n    <\/section>\n<\/div>\n<\/div>\n<\/section>\n<\/section>\n\n\n\n<section class=\"wp-block-casa-san-agustin-bp-spacer bp-spacer\" style=\"--_spacer-desktop-top:0;--_spacer-desktop-bot:80;--_spacer-mobile-top:0;--_spacer-mobile-bot:40\" id=\"bp-spacer\"><\/section>\n","protected":false},"excerpt":{"rendered":"","protected":false},"author":1,"featured_media":1640,"parent":0,"menu_order":0,"comment_status":"closed","ping_status":"closed","template":"","meta":{"_acf_changed":false,"footnotes":""},"class_list":["post-663","page","type-page","status-publish","has-post-thumbnail","hentry"],"acf":[],"yoast_head":"<!-- This site is optimized with the Yoast SEO plugin v26.3 - https:\/\/yoast.com\/wordpress\/plugins\/seo\/ -->\n<title>Habitaciones de Lujo en Cartagena | Hotel Casa San Agustin<\/title>\n<meta name=\"description\" content=\"Encontrar\u00e1 las mejores habitaciones de Lujo en Cartagena en este aut\u00e9ntico Hotel Boutique que evoca la verdadera historia colonial de esta m\u00e1gica ciudad.\" \/>\n<meta name=\"robots\" content=\"index, follow, max-snippet:-1, max-image-preview:large, max-video-preview:-1\" \/>\n<link rel=\"canonical\" href=\"https:\/\/hotelcasasanagustin.com\/es\/suites-and-rooms\/\" \/>\n<meta property=\"og:locale\" content=\"es_ES\" \/>\n<meta property=\"og:type\" content=\"article\" \/>\n<meta property=\"og:title\" content=\"Habitaciones de Lujo en Cartagena | Hotel Casa San Agustin\" \/>\n<meta property=\"og:description\" content=\"Encontrar\u00e1 las mejores habitaciones de Lujo en Cartagena en este aut\u00e9ntico Hotel Boutique que evoca la verdadera historia colonial de esta m\u00e1gica ciudad.\" \/>\n<meta property=\"og:url\" content=\"https:\/\/hotelcasasanagustin.com\/es\/suites-and-rooms\/\" \/>\n<meta property=\"og:site_name\" content=\"Casa San Agustin ES\" \/>\n<meta property=\"article:modified_time\" content=\"2025-01-21T14:23:58+00:00\" \/>\n<meta property=\"og:image\" content=\"https:\/\/hotelcasasanagustin.com\/es\/wp-content\/uploads\/sites\/2\/2024\/12\/CSA-WPP-scaled.jpg\" \/>\n\t<meta property=\"og:image:width\" content=\"2560\" \/>\n\t<meta property=\"og:image:height\" content=\"1331\" \/>\n\t<meta property=\"og:image:type\" content=\"image\/jpeg\" \/>\n<meta name=\"twitter:card\" content=\"summary_large_image\" \/>\n<meta name=\"twitter:label1\" content=\"Tiempo de lectura\" \/>\n\t<meta name=\"twitter:data1\" content=\"1 minuto\" \/>\n<script type=\"application\/ld+json\" class=\"yoast-schema-graph\">{\"@context\":\"https:\/\/schema.org\",\"@graph\":[{\"@type\":\"WebPage\",\"@id\":\"https:\/\/hotelcasasanagustin.com\/es\/suites-and-rooms\/\",\"url\":\"https:\/\/hotelcasasanagustin.com\/es\/suites-and-rooms\/\",\"name\":\"Habitaciones de Lujo en Cartagena | Hotel Casa San Agustin\",\"isPartOf\":{\"@id\":\"https:\/\/hotelcasasanagustin.com\/es\/#website\"},\"primaryImageOfPage\":{\"@id\":\"https:\/\/hotelcasasanagustin.com\/es\/suites-and-rooms\/#primaryimage\"},\"image\":{\"@id\":\"https:\/\/hotelcasasanagustin.com\/es\/suites-and-rooms\/#primaryimage\"},\"thumbnailUrl\":\"https:\/\/hotelcasasanagustin.com\/es\/wp-content\/uploads\/sites\/2\/2024\/12\/CSA-WPP-scaled.jpg\",\"datePublished\":\"2024-09-17T19:16:41+00:00\",\"dateModified\":\"2025-01-21T14:23:58+00:00\",\"description\":\"Encontrar\u00e1 las mejores habitaciones de Lujo en Cartagena en este aut\u00e9ntico Hotel Boutique que evoca la verdadera historia colonial de esta m\u00e1gica ciudad.\",\"breadcrumb\":{\"@id\":\"https:\/\/hotelcasasanagustin.com\/es\/suites-and-rooms\/#breadcrumb\"},\"inLanguage\":\"es\",\"potentialAction\":[{\"@type\":\"ReadAction\",\"target\":[\"https:\/\/hotelcasasanagustin.com\/es\/suites-and-rooms\/\"]}]},{\"@type\":\"ImageObject\",\"inLanguage\":\"es\",\"@id\":\"https:\/\/hotelcasasanagustin.com\/es\/suites-and-rooms\/#primaryimage\",\"url\":\"https:\/\/hotelcasasanagustin.com\/es\/wp-content\/uploads\/sites\/2\/2024\/12\/CSA-WPP-scaled.jpg\",\"contentUrl\":\"https:\/\/hotelcasasanagustin.com\/es\/wp-content\/uploads\/sites\/2\/2024\/12\/CSA-WPP-scaled.jpg\",\"width\":2560,\"height\":1331},{\"@type\":\"BreadcrumbList\",\"@id\":\"https:\/\/hotelcasasanagustin.com\/es\/suites-and-rooms\/#breadcrumb\",\"itemListElement\":[{\"@type\":\"ListItem\",\"position\":1,\"name\":\"Home\",\"item\":\"https:\/\/hotelcasasanagustin.com\/es\/\"},{\"@type\":\"ListItem\",\"position\":2,\"name\":\"suites and rooms\"}]},{\"@type\":\"WebSite\",\"@id\":\"https:\/\/hotelcasasanagustin.com\/es\/#website\",\"url\":\"https:\/\/hotelcasasanagustin.com\/es\/\",\"name\":\"Casa San Agustin ES\",\"description\":\"\",\"potentialAction\":[{\"@type\":\"SearchAction\",\"target\":{\"@type\":\"EntryPoint\",\"urlTemplate\":\"https:\/\/hotelcasasanagustin.com\/es\/?s={search_term_string}\"},\"query-input\":{\"@type\":\"PropertyValueSpecification\",\"valueRequired\":true,\"valueName\":\"search_term_string\"}}],\"inLanguage\":\"es\"}]}<\/script>\n<!-- \/ Yoast SEO plugin. -->","yoast_head_json":{"title":"Habitaciones de Lujo en Cartagena | Hotel Casa San Agustin","description":"Encontrar\u00e1 las mejores habitaciones de Lujo en Cartagena en este aut\u00e9ntico Hotel Boutique que evoca la verdadera historia colonial de esta m\u00e1gica ciudad.","robots":{"index":"index","follow":"follow","max-snippet":"max-snippet:-1","max-image-preview":"max-image-preview:large","max-video-preview":"max-video-preview:-1"},"canonical":"https:\/\/hotelcasasanagustin.com\/es\/suites-and-rooms\/","og_locale":"es_ES","og_type":"article","og_title":"Habitaciones de Lujo en Cartagena | Hotel Casa San Agustin","og_description":"Encontrar\u00e1 las mejores habitaciones de Lujo en Cartagena en este aut\u00e9ntico Hotel Boutique que evoca la verdadera historia colonial de esta m\u00e1gica ciudad.","og_url":"https:\/\/hotelcasasanagustin.com\/es\/suites-and-rooms\/","og_site_name":"Casa San Agustin ES","article_modified_time":"2025-01-21T14:23:58+00:00","og_image":[{"width":2560,"height":1331,"url":"https:\/\/hotelcasasanagustin.com\/es\/wp-content\/uploads\/sites\/2\/2024\/12\/CSA-WPP-scaled.jpg","type":"image\/jpeg"}],"twitter_card":"summary_large_image","twitter_misc":{"Tiempo de lectura":"1 minuto"},"schema":{"@context":"https:\/\/schema.org","@graph":[{"@type":"WebPage","@id":"https:\/\/hotelcasasanagustin.com\/es\/suites-and-rooms\/","url":"https:\/\/hotelcasasanagustin.com\/es\/suites-and-rooms\/","name":"Habitaciones de Lujo en Cartagena | Hotel Casa San Agustin","isPartOf":{"@id":"https:\/\/hotelcasasanagustin.com\/es\/#website"},"primaryImageOfPage":{"@id":"https:\/\/hotelcasasanagustin.com\/es\/suites-and-rooms\/#primaryimage"},"image":{"@id":"https:\/\/hotelcasasanagustin.com\/es\/suites-and-rooms\/#primaryimage"},"thumbnailUrl":"https:\/\/hotelcasasanagustin.com\/es\/wp-content\/uploads\/sites\/2\/2024\/12\/CSA-WPP-scaled.jpg","datePublished":"2024-09-17T19:16:41+00:00","dateModified":"2025-01-21T14:23:58+00:00","description":"Encontrar\u00e1 las mejores habitaciones de Lujo en Cartagena en este aut\u00e9ntico Hotel Boutique que evoca la verdadera historia colonial de esta m\u00e1gica ciudad.","breadcrumb":{"@id":"https:\/\/hotelcasasanagustin.com\/es\/suites-and-rooms\/#breadcrumb"},"inLanguage":"es","potentialAction":[{"@type":"ReadAction","target":["https:\/\/hotelcasasanagustin.com\/es\/suites-and-rooms\/"]}]},{"@type":"ImageObject","inLanguage":"es","@id":"https:\/\/hotelcasasanagustin.com\/es\/suites-and-rooms\/#primaryimage","url":"https:\/\/hotelcasasanagustin.com\/es\/wp-content\/uploads\/sites\/2\/2024\/12\/CSA-WPP-scaled.jpg","contentUrl":"https:\/\/hotelcasasanagustin.com\/es\/wp-content\/uploads\/sites\/2\/2024\/12\/CSA-WPP-scaled.jpg","width":2560,"height":1331},{"@type":"BreadcrumbList","@id":"https:\/\/hotelcasasanagustin.com\/es\/suites-and-rooms\/#breadcrumb","itemListElement":[{"@type":"ListItem","position":1,"name":"Home","item":"https:\/\/hotelcasasanagustin.com\/es\/"},{"@type":"ListItem","position":2,"name":"suites and rooms"}]},{"@type":"WebSite","@id":"https:\/\/hotelcasasanagustin.com\/es\/#website","url":"https:\/\/hotelcasasanagustin.com\/es\/","name":"Casa San Agustin ES","description":"","potentialAction":[{"@type":"SearchAction","target":{"@type":"EntryPoint","urlTemplate":"https:\/\/hotelcasasanagustin.com\/es\/?s={search_term_string}"},"query-input":{"@type":"PropertyValueSpecification","valueRequired":true,"valueName":"search_term_string"}}],"inLanguage":"es"}]}},"_links":{"self":[{"href":"https:\/\/hotelcasasanagustin.com\/es\/wp-json\/wp\/v2\/pages\/663","targetHints":{"allow":["GET"]}}],"collection":[{"href":"https:\/\/hotelcasasanagustin.com\/es\/wp-json\/wp\/v2\/pages"}],"about":[{"href":"https:\/\/hotelcasasanagustin.com\/es\/wp-json\/wp\/v2\/types\/page"}],"author":[{"embeddable":true,"href":"https:\/\/hotelcasasanagustin.com\/es\/wp-json\/wp\/v2\/users\/1"}],"replies":[{"embeddable":true,"href":"https:\/\/hotelcasasanagustin.com\/es\/wp-json\/wp\/v2\/comments?post=663"}],"version-history":[{"count":11,"href":"https:\/\/hotelcasasanagustin.com\/es\/wp-json\/wp\/v2\/pages\/663\/revisions"}],"predecessor-version":[{"id":1814,"href":"https:\/\/hotelcasasanagustin.com\/es\/wp-json\/wp\/v2\/pages\/663\/revisions\/1814"}],"wp:featuredmedia":[{"embeddable":true,"href":"https:\/\/hotelcasasanagustin.com\/es\/wp-json\/wp\/v2\/media\/1640"}],"wp:attachment":[{"href":"https:\/\/hotelcasasanagustin.com\/es\/wp-json\/wp\/v2\/media?parent=663"}],"curies":[{"name":"wp","href":"https:\/\/api.w.org\/{rel}","templated":true}]}}