{"id":1284,"date":"2024-09-26T14:41:33","date_gmt":"2024-09-26T14:41:33","guid":{"rendered":"https:\/\/hotelcasasanagustin.com\/es\/?page_id=1284"},"modified":"2025-06-18T14:31:49","modified_gmt":"2025-06-18T14:31:49","slug":"privacy-policies","status":"publish","type":"page","link":"https:\/\/hotelcasasanagustin.com\/es\/privacy-policies\/","title":{"rendered":"Privacy Policies"},"content":{"rendered":"\n<section class=\"wp-block-casa-san-agustin-bp-spacer bp-spacer\" style=\"--_spacer-desktop-top:0;--_spacer-desktop-bot:120;--_spacer-mobile-top:0;--_spacer-mobile-bot:80\" id=\"bp-spacer\"><\/section>\n\n\n\n<section class=\"wp-block-casa-san-agustin-bp-container container header-with-icon-and-video\" id=\"\" data-name=\"\" style=\"background-color:;color:\">\n<section class=\"wp-block-casa-san-agustin-bp-row row left end mobile-center  is-style-fixed header\" style=\"--row-desktop-gap:0rem;--row-mobile-gap:0rem\">\n<div class=\"wp-block-columns is-layout-flex wp-container-core-columns-is-layout-9d6595d7 wp-block-columns-is-layout-flex\">\n<div class=\"wp-block-column is-layout-flow wp-block-column-is-layout-flow\"><div class=\"wp-block-image\">\n<figure class=\"aligncenter size-full is-resized\"><img loading=\"lazy\" decoding=\"async\" width=\"1349\" height=\"1452\" src=\"https:\/\/hotelcasasanagustin.com\/es\/wp-content\/uploads\/sites\/2\/2024\/09\/CSA_ilus-08.png\" alt=\"\" class=\"wp-image-622\" style=\"width:auto;height:128px\" srcset=\"https:\/\/hotelcasasanagustin.com\/es\/wp-content\/uploads\/sites\/2\/2024\/09\/CSA_ilus-08.png 1349w, https:\/\/hotelcasasanagustin.com\/es\/wp-content\/uploads\/sites\/2\/2024\/09\/CSA_ilus-08-279x300.png 279w, https:\/\/hotelcasasanagustin.com\/es\/wp-content\/uploads\/sites\/2\/2024\/09\/CSA_ilus-08-951x1024.png 951w, https:\/\/hotelcasasanagustin.com\/es\/wp-content\/uploads\/sites\/2\/2024\/09\/CSA_ilus-08-768x827.png 768w, https:\/\/hotelcasasanagustin.com\/es\/wp-content\/uploads\/sites\/2\/2024\/09\/CSA_ilus-08-557x600.png 557w, https:\/\/hotelcasasanagustin.com\/es\/wp-content\/uploads\/sites\/2\/2024\/09\/CSA_ilus-08-1338x1440.png 1338w\" sizes=\"auto, (max-width: 1349px) 100vw, 1349px\" \/><\/figure><\/div>\n\n\n<p class=\"has-text-align-center is-style-font-sf has-label-font-size\">pol\u00edtica de privacidad<\/p>\n\n\n\n<h1 class=\"wp-block-heading has-text-align-center is-style-font-scotch has-s-font-size\"><\/h1>\n<\/div>\n<\/div>\n<\/section>\n<\/section>\n\n\n\n<section class=\"wp-block-casa-san-agustin-bp-container container title-and-paragraph\" id=\"\" data-name=\"\" style=\"background-color:;color:\">\n<section class=\"wp-block-casa-san-agustin-bp-row row left start mobile-center mobile-middle\" style=\"--row-desktop-gap:0rem;--row-mobile-gap:0rem\">\n<div class=\"wp-block-columns is-layout-flex wp-container-core-columns-is-layout-9d6595d7 wp-block-columns-is-layout-flex\">\n<div class=\"wp-block-column is-layout-flow wp-block-column-is-layout-flow\" style=\"flex-basis:60%\">\n<h2 class=\"wp-block-heading is-style-font-scotch has-s-font-size\">AVISO DE PRIVACIDAD<\/h2>\n\n\n\n<p>2024-11-29<\/p>\n\n\n\n<p class=\"has-m-font-size\"><em>En cumplimiento de la Ley Estatutaria 1581 de 2012 de Protecci\u00f3n de Datos (LEPD) y normas concordantes, el presente Aviso de Privacidad tiene como objeto informar al Titular sobre el tratamiento al cual ser\u00e1n sometidos los datos almacenados en nuestras bases de datos y comunicar si estos estar\u00e1n sujetos a transmisi\u00f3n y\/o transferencia a terceras entidades. Las condiciones del tratamiento son las siguientes:<\/em><\/p>\n\n\n\n<div style=\"height:25px\" aria-hidden=\"true\" class=\"wp-block-spacer\"><\/div>\n\n\n\n<ol class=\"wp-block-list\">\n<li><strong>OPERADORA SAN AGUST\u00cdN S.A.S.- EL HOTEL CASA SAN AGUST\u00cdN<\/strong> identificada con el Nit No. 900843241, ser\u00e1 el responsable del tratamiento de sus datos personales.<\/li>\n\n\n\n<li>Con objeto de recibir una atenci\u00f3n integral como cliente, los datos personales recabados ser\u00e1n tratados con las siguientes finalidades: fidelizaci\u00f3n de clientes, gesti\u00f3n administrativa, gesti\u00f3n de clientes, contacto y env\u00edo de comunicaciones a trav\u00e9s de los medios registrados (direcci\u00f3n f\u00edsica, correo electr\u00f3nico, n\u00famero de celular, n\u00famero tel\u00e9fono fijo y sistemas de mensajer\u00eda instant\u00e1nea), gesti\u00f3n de cobros y pagos, gesti\u00f3n de facturaci\u00f3n, gesti\u00f3n econ\u00f3mica y contable, hist\u00f3rico de relaciones comerciales, marketing, prospecci\u00f3n comercial y publicidad propia. <\/li>\n\n\n\n<li>Es de car\u00e1cter facultativo suministrar informaci\u00f3n que verse sobre Datos Sensibles, entendidos como aquellos que afectan la intimidad o generen alg\u00fan tipo de discriminaci\u00f3n, o sobre menores de edad.<\/li>\n\n\n\n<li>La pol\u00edtica de tratamiento de los datos del Titular, as\u00ed como los cambios sustanciales que se produzcan en esta, se podr\u00e1n consultar en el siguiente correo electr\u00f3nico: INFO@HOTELCASASANAGUSTIN.COM.<\/li>\n\n\n\n<li>El Titular puede ejercitar los derechos de acceso, correcci\u00f3n, supresi\u00f3n, revocaci\u00f3n o reclamo por infracci\u00f3n sobre sus datos con un escrito dirigido a OPERADORA SAN AGUST\u00cdN S.A.S.- EL HOTEL CASA SAN AGUST\u00cdN a la direcci\u00f3n de correo electr\u00f3nico INFO@HOTELCASASANAGUSTIN.COM indicando en el asunto el derecho que desea ejercitar; o mediante correo postal remitido a CR 6 36 44 Calle de la Universidad &#8211; Centro Hist\u00f3rico, CARTAGENA DE INDIAS, BOL\u00cdVAR.<\/li>\n<\/ol>\n\n\n\n<div style=\"height:38px\" aria-hidden=\"true\" class=\"wp-block-spacer\"><\/div>\n\n\n\n<h5 class=\"wp-block-heading\"><a href=\"https:\/\/hotelcasasanagustin.com\/wp-content\/uploads\/2025\/06\/PL_01_POLITICA-TRATAMIENTO-DE-DATOS.pdf\">Vea la pol\u00edtica de privacidad completa aqu\u00ed.<\/a><\/h5>\n<\/div>\n<\/div>\n<\/section>\n<\/section>\n\n\n\n<p class=\"has-m-font-size\"><\/p>\n\n\n\n<section class=\"wp-block-casa-san-agustin-bp-spacer bp-spacer\" style=\"--_spacer-desktop-top:0;--_spacer-desktop-bot:120;--_spacer-mobile-top:0;--_spacer-mobile-bot:20\" id=\"bp-spacer\"><\/section>\n\n\n\n<section class=\"wp-block-casa-san-agustin-bp-container container title-and-paragraph\" id=\"\" data-name=\"\" style=\"background-color:;color:\">\n<section class=\"wp-block-casa-san-agustin-bp-row row left start mobile-center mobile-middle\" style=\"--row-desktop-gap:0rem;--row-mobile-gap:0rem\">\n<div class=\"wp-block-columns is-layout-flex wp-container-core-columns-is-layout-9d6595d7 wp-block-columns-is-layout-flex\">\n<div class=\"wp-block-column is-layout-flow wp-block-column-is-layout-flow\" style=\"flex-basis:60%\">\n<h2 class=\"wp-block-heading is-style-font-scotch has-s-font-size\">Pol\u00edtica de cookies<\/h2>\n\n\n\n<p class=\"has-m-font-size\">Le informamos que el Hotel Casa San Agust\u00edn (Operadora San Agust\u00edn S.A.S) utiliza cookies y otros peque\u00f1os archivos de datos en sus sitios de reservas en l\u00ednea (www.hotelcasasanagustin.com; www.almacolombia.com)<\/p>\n\n\n\n<p>Estas cookies pueden ser colocadas en su dispositivo cuando visita el sitio web del hotel. Permiten que el sitio web recuerde sus acciones y preferencias (como inicio de sesi\u00f3n, idioma y otras preferencias de visualizaci\u00f3n) durante un per\u00edodo de tiempo, para que no tenga que volver a ingresarlas cada vez que regrese al sitio o navegue de una p\u00e1gina a otra.<\/p>\n\n\n\n<p>Una cookie es un archivo creado por el sitio web que contiene peque\u00f1as cantidades de datos y se env\u00eda entre un emisor y un receptor. En Internet, el emisor es el servidor donde est\u00e1 alojada la p\u00e1gina web y el receptor es el navegador del ordenador utilizado para visitar cualquier p\u00e1gina web.<\/p>\n\n\n\n<p>Las cookies, por s\u00ed solas, no nos dicen tu direcci\u00f3n de correo electr\u00f3nico ni otra informaci\u00f3n personal a menos que elijas proporcionar esta informaci\u00f3n a nosotros, por ejemplo, registr\u00e1ndote en uno de nuestros sitios. Una vez que decides proporcionar una p\u00e1gina web con informaci\u00f3n personal, esta informaci\u00f3n puede estar vinculada a los datos almacenados en la cookie. Una cookie es como una tarjeta de identificaci\u00f3n. Es \u00fanica para tu computadora y solo puede ser le\u00edda por el servidor que te la proporcion\u00f3.<\/p>\n\n\n\n<p>Utilizamos cookies para entender el uso del sitio y mejorar el contenido y las ofertas en nuestros sitios. Por ejemplo, podemos usar cookies para personalizar su experiencia en nuestras p\u00e1ginas web (por ejemplo, para reconocerlo por su nombre cuando regrese a nuestro sitio). Tambi\u00e9n podemos usar cookies para ofrecerle productos y servicios.<\/p>\n\n\n\n<p>Cookies te ahorran tiempo ya que nos ayudan a recordar qui\u00e9n eres. Las cookies nos ayudan a ser m\u00e1s eficientes. Podemos aprender sobre qu\u00e9 contenido es importante para ti y qu\u00e9 no lo es. Podemos revisar o eliminar p\u00e1ginas web que no son de inter\u00e9s y enfocar nuestras energ\u00edas en el contenido que deseas.<\/p>\n\n\n\n<p>Si deseas controlar qu\u00e9 cookies aceptas. Puedes configurar tu navegador para aceptar todas las cookies o para que te avise cada vez que un servidor de un sitio web ofrezca una cookie. La mayor\u00eda de los navegadores aceptan autom\u00e1ticamente las cookies. Puedes ajustar la opci\u00f3n de tu navegador para que no recibas cookies y tambi\u00e9n puedes eliminar las cookies existentes de tu navegador. Es posible que encuentres que algunas partes del sitio no funcionen correctamente si has rechazado las cookies.<\/p>\n\n\n\n<p>Por favor, tenga en cuenta que si no configura su navegador, aceptar\u00e1 las cookies proporcionadas por este sitio web.<\/p>\n\n\n\n<p>Si deseas ver qu\u00e9 cookies has aceptado, puedes configurar tu navegador para aceptar todas las cookies o para que te avise cada vez que un servidor de un sitio web ofrezca una cookie.<\/p>\n\n\n\n<p class=\"has-m-font-size\">En algunos casos, las aplicaciones de redes sociales para los sitios web del Hotel Casa San Agust\u00edn (Operadora San Agust\u00edn S.A.S) pueden permitir que las redes sociales se identifiquen, incluso si no han hecho clic en el bot\u00f3n de la aplicaci\u00f3n.<\/p>\n\n\n\n<p>Asimismo, si aplica, autorizo expresamente como representante legal de los menores que incluyo como invitados a que sus datos personales sean incorporados en una base de datos bajo la responsabilidad de OPERADORA SAN AGUSTIN S.A.S para su tratamiento, que puede incluir la recolecci\u00f3n, almacenamiento, uso, circulaci\u00f3n y destino con el prop\u00f3sito de gesti\u00f3n administrativa, provisi\u00f3n de servicio de hospedaje, gesti\u00f3n de estad\u00edsticas internas, manejo de reservas, cobros y pagos, facturaci\u00f3n, gesti\u00f3n econ\u00f3mica y contable, gesti\u00f3n tributaria, transmisi\u00f3n nacional e internacional de datos con proveedores de servicios para desarrollar los fines aqu\u00ed previstos y\/o transferencia nacional e internacional de datos con socios comerciales, filiales, casas matrices, afiliados, operadores y propietarios.<\/p>\n\n\n\n<p>Igualmente, autorizo como propietario y\/o como representante legal de los menores que incluyo como invitados para que mis (nuestros) im\u00e1genes personales sean incorporadas en una base de datos de OPERADORA SAN AGUSTIN S.A.S para su tratamiento, el cual puede incluir la recolecci\u00f3n, almacenamiento, uso, circulaci\u00f3n y destino con el fin de ser publicadas en medios impresos, medios audiovisuales, redes sociales y sitio web, as\u00ed como la transmisi\u00f3n nacional e internacional de datos con proveedores de servicios para desarrollar los prop\u00f3sitos aqu\u00ed establecidos y\/o la transferencia nacional e internacional de datos con socios comerciales, subsidiarias, empresas matrices, afiliados, operadores y propietarios.<\/p>\n\n\n\n<p class=\"has-m-font-size\">Es facultativo proporcionar informaci\u00f3n sobre Datos Sensibles, entendidos como aquellos que afectan la privacidad o generan alg\u00fan tipo de discriminaci\u00f3n, o sobre menores. El titular de los datos puede ejercer los derechos de acceso, correcci\u00f3n, eliminaci\u00f3n de datos o revocaci\u00f3n de la autorizaci\u00f3n o denuncia por infracci\u00f3n de sus datos, escribiendo a OPERADORA SAN AGUSTIN S.A.S al correo electr\u00f3nico info@hotelcasasanagustin.com indicando en el asunto el derecho que desea ejercer; o por correo enviado a Calle de la Universidad No.36-44 Centro Hist\u00f3rico en Cartagena de Indias. La pol\u00edtica de tratamiento de datos personales se puede solicitar por correo electr\u00f3nico: info@hotelcasasanagustin.com<\/p>\n<\/div>\n<\/div>\n<\/section>\n<\/section>\n","protected":false},"excerpt":{"rendered":"","protected":false},"author":1,"featured_media":1640,"parent":0,"menu_order":0,"comment_status":"closed","ping_status":"closed","template":"","meta":{"_acf_changed":false,"footnotes":""},"class_list":["post-1284","page","type-page","status-publish","has-post-thumbnail","hentry"],"acf":[],"yoast_head":"<!-- This site is optimized with the Yoast SEO plugin v26.3 - https:\/\/yoast.com\/wordpress\/plugins\/seo\/ -->\n<title>Best Luxury Cartagena Hotel | Privacy Hotel Casa San Agustin<\/title>\n<meta name=\"description\" content=\"Know our policy of protection and treatment of personal data, Hotel Casa San Agust\u00edn in Cartagena.\" \/>\n<meta name=\"robots\" content=\"index, follow, max-snippet:-1, max-image-preview:large, max-video-preview:-1\" \/>\n<link rel=\"canonical\" href=\"https:\/\/hotelcasasanagustin.com\/es\/privacy-policies\/\" \/>\n<meta property=\"og:locale\" content=\"es_ES\" \/>\n<meta property=\"og:type\" content=\"article\" \/>\n<meta property=\"og:title\" content=\"Best Luxury Cartagena Hotel | Privacy Hotel Casa San Agustin\" \/>\n<meta property=\"og:description\" content=\"Know our policy of protection and treatment of personal data, Hotel Casa San Agust\u00edn in Cartagena.\" \/>\n<meta property=\"og:url\" content=\"https:\/\/hotelcasasanagustin.com\/es\/privacy-policies\/\" \/>\n<meta property=\"og:site_name\" content=\"Casa San Agustin ES\" \/>\n<meta property=\"article:modified_time\" content=\"2025-06-18T14:31:49+00:00\" \/>\n<meta property=\"og:image\" content=\"https:\/\/hotelcasasanagustin.com\/es\/wp-content\/uploads\/sites\/2\/2024\/12\/CSA-WPP-scaled.jpg\" \/>\n\t<meta property=\"og:image:width\" content=\"2560\" \/>\n\t<meta property=\"og:image:height\" content=\"1331\" \/>\n\t<meta property=\"og:image:type\" content=\"image\/jpeg\" \/>\n<meta name=\"twitter:card\" content=\"summary_large_image\" \/>\n<meta name=\"twitter:label1\" content=\"Tiempo de lectura\" \/>\n\t<meta name=\"twitter:data1\" content=\"6 minutos\" \/>\n<script type=\"application\/ld+json\" class=\"yoast-schema-graph\">{\"@context\":\"https:\/\/schema.org\",\"@graph\":[{\"@type\":\"WebPage\",\"@id\":\"https:\/\/hotelcasasanagustin.com\/es\/privacy-policies\/\",\"url\":\"https:\/\/hotelcasasanagustin.com\/es\/privacy-policies\/\",\"name\":\"Best Luxury Cartagena Hotel | Privacy Hotel Casa San Agustin\",\"isPartOf\":{\"@id\":\"https:\/\/hotelcasasanagustin.com\/es\/#website\"},\"primaryImageOfPage\":{\"@id\":\"https:\/\/hotelcasasanagustin.com\/es\/privacy-policies\/#primaryimage\"},\"image\":{\"@id\":\"https:\/\/hotelcasasanagustin.com\/es\/privacy-policies\/#primaryimage\"},\"thumbnailUrl\":\"https:\/\/hotelcasasanagustin.com\/es\/wp-content\/uploads\/sites\/2\/2024\/12\/CSA-WPP-scaled.jpg\",\"datePublished\":\"2024-09-26T14:41:33+00:00\",\"dateModified\":\"2025-06-18T14:31:49+00:00\",\"description\":\"Know our policy of protection and treatment of personal data, Hotel Casa San Agust\u00edn in Cartagena.\",\"breadcrumb\":{\"@id\":\"https:\/\/hotelcasasanagustin.com\/es\/privacy-policies\/#breadcrumb\"},\"inLanguage\":\"es\",\"potentialAction\":[{\"@type\":\"ReadAction\",\"target\":[\"https:\/\/hotelcasasanagustin.com\/es\/privacy-policies\/\"]}]},{\"@type\":\"ImageObject\",\"inLanguage\":\"es\",\"@id\":\"https:\/\/hotelcasasanagustin.com\/es\/privacy-policies\/#primaryimage\",\"url\":\"https:\/\/hotelcasasanagustin.com\/es\/wp-content\/uploads\/sites\/2\/2024\/12\/CSA-WPP-scaled.jpg\",\"contentUrl\":\"https:\/\/hotelcasasanagustin.com\/es\/wp-content\/uploads\/sites\/2\/2024\/12\/CSA-WPP-scaled.jpg\",\"width\":2560,\"height\":1331},{\"@type\":\"BreadcrumbList\",\"@id\":\"https:\/\/hotelcasasanagustin.com\/es\/privacy-policies\/#breadcrumb\",\"itemListElement\":[{\"@type\":\"ListItem\",\"position\":1,\"name\":\"Home\",\"item\":\"https:\/\/hotelcasasanagustin.com\/es\/\"},{\"@type\":\"ListItem\",\"position\":2,\"name\":\"Privacy Policies\"}]},{\"@type\":\"WebSite\",\"@id\":\"https:\/\/hotelcasasanagustin.com\/es\/#website\",\"url\":\"https:\/\/hotelcasasanagustin.com\/es\/\",\"name\":\"Casa San Agustin ES\",\"description\":\"\",\"potentialAction\":[{\"@type\":\"SearchAction\",\"target\":{\"@type\":\"EntryPoint\",\"urlTemplate\":\"https:\/\/hotelcasasanagustin.com\/es\/?s={search_term_string}\"},\"query-input\":{\"@type\":\"PropertyValueSpecification\",\"valueRequired\":true,\"valueName\":\"search_term_string\"}}],\"inLanguage\":\"es\"}]}<\/script>\n<!-- \/ Yoast SEO plugin. -->","yoast_head_json":{"title":"Best Luxury Cartagena Hotel | Privacy Hotel Casa San Agustin","description":"Know our policy of protection and treatment of personal data, Hotel Casa San Agust\u00edn in Cartagena.","robots":{"index":"index","follow":"follow","max-snippet":"max-snippet:-1","max-image-preview":"max-image-preview:large","max-video-preview":"max-video-preview:-1"},"canonical":"https:\/\/hotelcasasanagustin.com\/es\/privacy-policies\/","og_locale":"es_ES","og_type":"article","og_title":"Best Luxury Cartagena Hotel | Privacy Hotel Casa San Agustin","og_description":"Know our policy of protection and treatment of personal data, Hotel Casa San Agust\u00edn in Cartagena.","og_url":"https:\/\/hotelcasasanagustin.com\/es\/privacy-policies\/","og_site_name":"Casa San Agustin ES","article_modified_time":"2025-06-18T14:31:49+00:00","og_image":[{"width":2560,"height":1331,"url":"https:\/\/hotelcasasanagustin.com\/es\/wp-content\/uploads\/sites\/2\/2024\/12\/CSA-WPP-scaled.jpg","type":"image\/jpeg"}],"twitter_card":"summary_large_image","twitter_misc":{"Tiempo de lectura":"6 minutos"},"schema":{"@context":"https:\/\/schema.org","@graph":[{"@type":"WebPage","@id":"https:\/\/hotelcasasanagustin.com\/es\/privacy-policies\/","url":"https:\/\/hotelcasasanagustin.com\/es\/privacy-policies\/","name":"Best Luxury Cartagena Hotel | Privacy Hotel Casa San Agustin","isPartOf":{"@id":"https:\/\/hotelcasasanagustin.com\/es\/#website"},"primaryImageOfPage":{"@id":"https:\/\/hotelcasasanagustin.com\/es\/privacy-policies\/#primaryimage"},"image":{"@id":"https:\/\/hotelcasasanagustin.com\/es\/privacy-policies\/#primaryimage"},"thumbnailUrl":"https:\/\/hotelcasasanagustin.com\/es\/wp-content\/uploads\/sites\/2\/2024\/12\/CSA-WPP-scaled.jpg","datePublished":"2024-09-26T14:41:33+00:00","dateModified":"2025-06-18T14:31:49+00:00","description":"Know our policy of protection and treatment of personal data, Hotel Casa San Agust\u00edn in Cartagena.","breadcrumb":{"@id":"https:\/\/hotelcasasanagustin.com\/es\/privacy-policies\/#breadcrumb"},"inLanguage":"es","potentialAction":[{"@type":"ReadAction","target":["https:\/\/hotelcasasanagustin.com\/es\/privacy-policies\/"]}]},{"@type":"ImageObject","inLanguage":"es","@id":"https:\/\/hotelcasasanagustin.com\/es\/privacy-policies\/#primaryimage","url":"https:\/\/hotelcasasanagustin.com\/es\/wp-content\/uploads\/sites\/2\/2024\/12\/CSA-WPP-scaled.jpg","contentUrl":"https:\/\/hotelcasasanagustin.com\/es\/wp-content\/uploads\/sites\/2\/2024\/12\/CSA-WPP-scaled.jpg","width":2560,"height":1331},{"@type":"BreadcrumbList","@id":"https:\/\/hotelcasasanagustin.com\/es\/privacy-policies\/#breadcrumb","itemListElement":[{"@type":"ListItem","position":1,"name":"Home","item":"https:\/\/hotelcasasanagustin.com\/es\/"},{"@type":"ListItem","position":2,"name":"Privacy Policies"}]},{"@type":"WebSite","@id":"https:\/\/hotelcasasanagustin.com\/es\/#website","url":"https:\/\/hotelcasasanagustin.com\/es\/","name":"Casa San Agustin ES","description":"","potentialAction":[{"@type":"SearchAction","target":{"@type":"EntryPoint","urlTemplate":"https:\/\/hotelcasasanagustin.com\/es\/?s={search_term_string}"},"query-input":{"@type":"PropertyValueSpecification","valueRequired":true,"valueName":"search_term_string"}}],"inLanguage":"es"}]}},"_links":{"self":[{"href":"https:\/\/hotelcasasanagustin.com\/es\/wp-json\/wp\/v2\/pages\/1284","targetHints":{"allow":["GET"]}}],"collection":[{"href":"https:\/\/hotelcasasanagustin.com\/es\/wp-json\/wp\/v2\/pages"}],"about":[{"href":"https:\/\/hotelcasasanagustin.com\/es\/wp-json\/wp\/v2\/types\/page"}],"author":[{"embeddable":true,"href":"https:\/\/hotelcasasanagustin.com\/es\/wp-json\/wp\/v2\/users\/1"}],"replies":[{"embeddable":true,"href":"https:\/\/hotelcasasanagustin.com\/es\/wp-json\/wp\/v2\/comments?post=1284"}],"version-history":[{"count":15,"href":"https:\/\/hotelcasasanagustin.com\/es\/wp-json\/wp\/v2\/pages\/1284\/revisions"}],"predecessor-version":[{"id":1925,"href":"https:\/\/hotelcasasanagustin.com\/es\/wp-json\/wp\/v2\/pages\/1284\/revisions\/1925"}],"wp:featuredmedia":[{"embeddable":true,"href":"https:\/\/hotelcasasanagustin.com\/es\/wp-json\/wp\/v2\/media\/1640"}],"wp:attachment":[{"href":"https:\/\/hotelcasasanagustin.com\/es\/wp-json\/wp\/v2\/media?parent=1284"}],"curies":[{"name":"wp","href":"https:\/\/api.w.org\/{rel}","templated":true}]}}